{"id":121,"date":"2020-03-28T12:57:48","date_gmt":"2020-03-28T19:57:48","guid":{"rendered":"https:\/\/ofsn.org\/?page_id=121"},"modified":"2021-03-01T17:11:58","modified_gmt":"2021-03-02T01:11:58","slug":"training-overview","status":"publish","type":"page","link":"https:\/\/ofsn.org\/es\/training-overview\/","title":{"rendered":"Descripci\u00f3n general de la capacitaci\u00f3n"},"content":{"rendered":"<div class=\"boldgrid-section\">\n<div class=\"container\">\n<div class=\"row\" style=\"margin-left: 0px; margin-right: 0px;\">\n<div class=\"col-md-12 col-xs-12 col-sm-12\">\n<p class=\"\"><span style=\"color: #1a2e3f;\"><strong>OFSN ofrece muchas oportunidades de formaci\u00f3n. Aumente sus conocimientos, habilidades y confianza participando en una de nuestras sesiones de capacitaci\u00f3n.<\/strong><\/span><\/p>\n<ul class=\"\">\n<li style=\"list-style-type: none;\">\n<ul class=\"\">\n<li><span style=\"color: #333399;\"><strong>\u00a1Nuevo!<\/strong><\/span>&nbsp;<a href=\"https:\/\/victoriah891048.typeform.com\/to\/JYd4o5Z8\" target=\"_blank\" rel=\"noopener\"><strong>Entrenamiento de autocuidado<\/strong><\/a><\/li>\n<li><span style=\"color: #333399;\"><strong>\u00a1Nuevo!<\/strong><\/span>&nbsp;<strong><strong>triplep&nbsp;<\/strong>| Programa de crianza positiva\u00ae<\/strong>\n<ul class=\"\">\n<li><a href=\"https:\/\/ofsn.org\/wp-content\/uploads\/2021\/02\/Triple-P-Flyer-updated-final.pdf\" target=\"_blank\" rel=\"noopener\">Folleto en ingl\u00e9s<\/a><\/li>\n<li><a href=\"https:\/\/ofsn.org\/wp-content\/uploads\/2021\/02\/Triple-P-Flyer-SPANISH-updated-final.pdf\" target=\"_blank\" rel=\"noopener\">Folleto espa\u00f1ol<\/a><\/li>\n<\/ul>\n<\/li>\n<li class=\"_04xlpA direction-ltr align-end para-style-body\"><strong><span class=\"JsGRdQ\">Primeros auxilios para la salud mental<\/span><\/strong><\/li>\n<li class=\"_04xlpA direction-ltr align-end para-style-body\"><strong><span class=\"JsGRdQ\">Preguntar, persuadir, recomendar (QPR)<\/span><\/strong><\/li>\n<li class=\"_04xlpA direction-ltr align-end para-style-body\"><strong><span class=\"JsGRdQ\">Atenci\u00f3n informada sobre el trauma<\/span><\/strong><\/li>\n<li class=\"_04xlpA direction-ltr align-end para-style-body\"><strong><span class=\"JsGRdQ\">Planificaci\u00f3n de crisis dirigida por la familia<\/span><\/strong><\/li>\n<li class=\"_04xlpA direction-ltr align-end para-style-body\"><strong><span class=\"JsGRdQ\">Servicios entregados por pares<\/span><\/strong><\/li>\n<li class=\"_04xlpA direction-ltr align-end para-style-body\"><strong><span class=\"JsGRdQ\">Viaje hacia la promoci\u00f3n<\/span><\/strong><\/li>\n<li class=\"_04xlpA direction-ltr align-end para-style-body\"><strong><span class=\"JsGRdQ\">Socio familiar integral<\/span><\/strong><\/li>\n<li class=\"_04xlpA direction-ltr align-end para-style-body\"><strong><span class=\"JsGRdQ\">Sistema de atenci\u00f3n y envoltura 101<\/span><\/strong><\/li>\n<li class=\"_04xlpA direction-ltr align-end para-style-body\"><strong><span class=\"JsGRdQ\">Resoluci\u00f3n colaborativa de problemas (CPS)<\/span><\/strong><\/li>\n<li class=\"_04xlpA direction-ltr align-end para-style-body\"><strong><span class=\"JsGRdQ\">Entrenador de pares de apoyo familiar | Programa de educaci\u00f3n individualizada (IEP)<\/span><\/strong><\/li>\n<li class=\"_04xlpA direction-ltr align-end para-style-body\"><strong><span class=\"JsGRdQ\">Facilitaci\u00f3n de grupos de apoyo familiar<\/span><\/strong><\/li>\n<\/ul>\n<\/li>\n<\/ul>\n<p class=\"\"><strong><span class=\"JsGRdQ\">Hacer clic <a href=\"https:\/\/ofsn.org\/es\/training-build-your-skills\/free-low-cost-training\/\" target=\"_blank\" rel=\"noopener\">aqu\u00ed<\/a> para ver la lista completa<\/span><\/strong><\/p>\n<p class=\"\"><strong>Hacer clic <a href=\"https:\/\/ofsn.org\/wp-content\/uploads\/2020\/08\/Programs-and-Services.pdf\" target=\"_blank\" rel=\"noopener noreferrer\">aqu\u00ed<\/a> para descargar una descripci\u00f3n general en PDF de los programas y servicios de OFSN<\/strong><\/p>\n<\/div>\n<\/div>\n<\/div>\n<\/div>","protected":false},"excerpt":{"rendered":"<p>OFSN ofrece muchas oportunidades de formaci\u00f3n. Aumente sus conocimientos, habilidades y confianza participando en una de nuestras sesiones de capacitaci\u00f3n. \u00a1Nuevo! Entrenamiento de autocuidado \u00a1Nuevo! Triple P | Positive Parenting Program\u00ae Folleto en ingl\u00e9s Folleto en espa\u00f1ol Primeros auxilios para la salud mental Preguntar, persuadir, derivar (QPR) Atenci\u00f3n informada sobre el trauma Planificaci\u00f3n de crisis dirigida por la familia Servicios prestados por pares Viaje hacia la defensa<span class=\"more-link\"><a href=\"https:\/\/ofsn.org\/es\/training-overview\/\">Sigue leyendo<\/a><\/span><\/p>","protected":false},"author":1,"featured_media":0,"parent":0,"menu_order":0,"comment_status":"closed","ping_status":"closed","template":"","meta":{"bgseo_title":"","bgseo_description":"","bgseo_robots_index":"index","bgseo_robots_follow":"follow","_uf_show_specific_survey":0,"_uf_disable_surveys":false,"footnotes":""},"class_list":["entry","author-dev_3nd40j","post-121","page","type-page","status-publish"],"aioseo_notices":[],"_links":{"self":[{"href":"https:\/\/ofsn.org\/es\/wp-json\/wp\/v2\/pages\/121","targetHints":{"allow":["GET"]}}],"collection":[{"href":"https:\/\/ofsn.org\/es\/wp-json\/wp\/v2\/pages"}],"about":[{"href":"https:\/\/ofsn.org\/es\/wp-json\/wp\/v2\/types\/page"}],"author":[{"embeddable":true,"href":"https:\/\/ofsn.org\/es\/wp-json\/wp\/v2\/users\/1"}],"replies":[{"embeddable":true,"href":"https:\/\/ofsn.org\/es\/wp-json\/wp\/v2\/comments?post=121"}],"version-history":[{"count":10,"href":"https:\/\/ofsn.org\/es\/wp-json\/wp\/v2\/pages\/121\/revisions"}],"predecessor-version":[{"id":1553,"href":"https:\/\/ofsn.org\/es\/wp-json\/wp\/v2\/pages\/121\/revisions\/1553"}],"wp:attachment":[{"href":"https:\/\/ofsn.org\/es\/wp-json\/wp\/v2\/media?parent=121"}],"curies":[{"name":"wp","href":"https:\/\/api.w.org\/{rel}","templated":true}]}}