{"id":2448,"date":"2024-11-01T12:48:48","date_gmt":"2024-11-01T19:48:48","guid":{"rendered":"https:\/\/ofsn.org\/?page_id=2448"},"modified":"2024-11-06T14:33:14","modified_gmt":"2024-11-06T22:33:14","slug":"advocacy","status":"publish","type":"page","link":"https:\/\/ofsn.org\/es\/advocacy\/","title":{"rendered":"Advocacy"},"content":{"rendered":"<div class=\"boldgrid-section\" data-image-url=\"https:\/\/ofsn.org\/wp-content\/uploads\/2024\/09\/Advocacy-Banner.jpg\" style=\"background-image: url('https:\/\/ofsn.org\/wp-content\/uploads\/2024\/09\/Advocacy-Banner.jpg'); background-size: cover; background-position: 50% 50%;\">\n<div class=\"container\">\n<div class=\"row\">\n<div class=\"col-lg-3 col-md-12 col-sm-12 col-xs-12\">\n<p class=\"\" style=\"padding-top: 47px;\"><a class=\"btn btn-uppercase btn-pill btn-raised btn-regular btn-color-4\" href=\"#\">REFERRAL FORM<br \/>\n<\/a><\/p>\n<\/div>\n<div class=\"col-lg-6 col-md-12 col-xs-12 col-sm-12\">\n<p class=\"\" style=\"text-align: center; font-family: 'Lora'; font-weight: bold; font-size: 42px;\" data-font-family=\"Lora\" data-font-weight=\"700\" data-font-style=\"\">Advocacy<\/p>\n<\/div>\n<div class=\"col-lg-2 col-md-6 col-sm-12 col-xs-12\">\n<p class=\"\">&nbsp;<\/p>\n<p class=\"\"><a class=\"btn btn-uppercase btn-pill btn-raised btn-regular btn-color-4\" href=\"#\">DONATE NOW<br \/>\n<\/a><\/p>\n<p class=\"\">&nbsp;<\/p>\n<\/div>\n<div class=\"col-lg-1 col-md-1 col-sm-12 col-xs-12\">\n<p>&nbsp;<\/p>\n<\/div>\n<\/div>\n<\/div>\n<\/div>\n<div class=\"tmpl-about-2 boldgrid-section dynamic-gridblock color-neutral-background-color color-neutral-text-contrast bg-background-color\">\n<div class=\"container\">\n<div class=\"row\" style=\"padding-bottom: 0px; padding-top: 29px;\">\n<div class=\"col-md-6 col-sm-12 col-xs-12 col-lg-6\">\n<h2 class=\"\" style=\"font-family: 'Lora'; font-weight: 600; color: #8a9dcc;\" data-font-family=\"Lora\" data-font-weight=\"600\" data-font-style=\"\">Share Your Voice<\/h2>\n<p class=\"color5-color\" style=\"margin: 30px 0px; font-family: 'Open Sans'; font-weight: 400;\" data-font-family=\"Open Sans\" data-font-weight=\"400\" data-font-style=\"\">Advocating for children&#8217;s mental health awareness is crucial because early mental health challenges, if left unaddressed, can significantly impact a child&#8217;s development, relationships, and future well-being. Raising awareness around children&#8217;s mental health issues helps to reduce stigma, making it easier for families to seek help without fear of judgment. Breaking down barriers to talking about behavioral, emotional and mental health challenges also promotes early detection and intervention, which can lead to better outcomes by addressing issues before they escalate. Oregon Family Support Network invites you to share your voice because advocacy helps ensure that mental health services are accessible and that schools, healthcare systems, and communities prioritize mental health resources, creating a supportive environment for children to thrive emotionally and mentally.<\/p>\n<p class=\"\" style=\"text-align: center;\" data-font-family=\"Open Sans\" data-font-weight=\"400\" data-font-style=\"\">&nbsp;<\/p>\n<p class=\"\" style=\"text-align: center;\"><a class=\"btn btn-uppercase btn-pill btn-raised btn-regular btn-color-4\" href=\"https:\/\/ofsn.org\/es\/ways-to-advocate\/\">WAYS TO ADVOCATE<\/a><\/p>\n<p>&nbsp;<\/p>\n<\/div>\n<div class=\"col-md-3 col-sm-6 col-xs-12 col-lg-3\">\n<div class=\"bg-box\">\n<p class=\"mod-reset\"><img loading=\"lazy\" decoding=\"async\" class=\"aligncenter size-large wp-image-2456\" src=\"https:\/\/ofsn.org\/wp-content\/uploads\/2024\/09\/Your-Voice-Matters-1024x1024.png\" alt=\"\" width=\"1024\" height=\"1024\" srcset=\"https:\/\/ofsn.org\/wp-content\/uploads\/2024\/09\/Your-Voice-Matters-1024x1024.png 1024w, https:\/\/ofsn.org\/wp-content\/uploads\/2024\/09\/Your-Voice-Matters-300x300.png 300w, https:\/\/ofsn.org\/wp-content\/uploads\/2024\/09\/Your-Voice-Matters-150x150.png 150w, https:\/\/ofsn.org\/wp-content\/uploads\/2024\/09\/Your-Voice-Matters-768x768.png 768w, https:\/\/ofsn.org\/wp-content\/uploads\/2024\/09\/Your-Voice-Matters-12x12.png 12w, https:\/\/ofsn.org\/wp-content\/uploads\/2024\/09\/Your-Voice-Matters-48x48.png 48w, https:\/\/ofsn.org\/wp-content\/uploads\/2024\/09\/Your-Voice-Matters-250x250.png 250w, https:\/\/ofsn.org\/wp-content\/uploads\/2024\/09\/Your-Voice-Matters-550x550.png 550w, https:\/\/ofsn.org\/wp-content\/uploads\/2024\/09\/Your-Voice-Matters-800x800.png 800w, https:\/\/ofsn.org\/wp-content\/uploads\/2024\/09\/Your-Voice-Matters-180x180.png 180w, https:\/\/ofsn.org\/wp-content\/uploads\/2024\/09\/Your-Voice-Matters-500x500.png 500w, https:\/\/ofsn.org\/wp-content\/uploads\/2024\/09\/Your-Voice-Matters-465x465.png 465w, https:\/\/ofsn.org\/wp-content\/uploads\/2024\/09\/Your-Voice-Matters.png 1200w\" sizes=\"auto, (max-width: 1024px) 100vw, 1024px\" \/><\/p>\n<p class=\"\">&nbsp;<\/p>\n<p class=\"\" style=\"font-family: 'Open Sans'; font-weight: 600; font-size: 15px;\" data-font-family=\"Open Sans\" data-font-weight=\"600\" data-font-style=\"\">Getting involved can be difficult at first, but everyone can be an advocate with a little information and a lot of heart.<\/p>\n<\/div>\n<\/div>\n<div class=\"col-md-3 col-sm-6 col-xs-12 col-lg-3\">\n<div class=\"bg-box\">\n<p class=\"color5-color\" style=\"font-family: 'Lora'; font-weight: 600; font-size: 17px;\" data-font-family=\"Lora\" data-font-weight=\"600\" data-font-style=\"\"><span style=\"color: #000000;\">How Your Can Get Involved<\/span><\/p>\n<p class=\"color5-color\" style=\"font-family: 'Open Sans'; font-weight: 400; font-size: 14px;\" data-font-family=\"Open Sans\" data-font-weight=\"400\" data-font-style=\"\"><strong>ATTEND COMMUNITY MEETINGS INVOLVING LOCAL GOVERNMENT<\/strong><br \/>\nKnow what&#8217;s happening in your community and how it affects neighbors and families like yours.<\/p>\n<p class=\"color5-color\" style=\"font-family: 'Open Sans'; font-weight: 400; font-size: 14px;\" data-font-family=\"Open Sans\" data-font-weight=\"400\" data-font-style=\"\"><strong>BE A COMMUNITY ADVOCATE IN YOUR EVERYDAY LIFE<\/strong><br \/>\nAdoptar una postura sobre lo que uno cree nunca pasa de moda. No importa d\u00f3nde est\u00e9s, \u00a1puedes defender a las familias!<\/p>\n<p class=\"color5-color\" style=\"font-family: 'Open Sans'; font-weight: 400; font-size: 14px;\" data-font-family=\"Open Sans\" data-font-weight=\"400\" data-font-style=\"\"><strong>TALK TO YOUR LEGISLATOR<\/strong><br \/>\nConnect with a legislator at the state capital to discuss your concerns about families and children&#8217;s mental health.<\/p>\n<\/div>\n<\/div>\n<\/div>\n<\/div>\n<\/div>\n<div class=\"color4-background-color color-4-text-contrast bg-background-color tmpl-about-8 boldgrid-section dynamic-gridblock\">\n<div class=\"container\">\n<div class=\"row\" style=\"padding-bottom: 42px;\">\n<div class=\"col-md-12 col-xs-12 col-sm-12 col-lg-12\">\n<h2 class=\"\" style=\"text-align: center; font-family: 'Lora'; font-weight: 600; font-size: 38px;\" data-font-family=\"Lora\" data-font-weight=\"600\" data-font-style=\"\">Speaking with Local, State and National Government Entities<\/h2>\n<p class=\"\" style=\"font-family: 'Open Sans'; font-weight: 400;\" data-font-family=\"Open Sans\" data-font-weight=\"400\" data-font-style=\"\"><strong>Hablar con sus funcionarios p\u00fablicos<\/strong> can be daunting at first but remember \u2013 politicians are people too! Their job title is just different from yours. Their job is to listen and involve the public in their decision-making process, so they rely on your concerns and opinions. With the right tools, you will walk confidently into an official\u2019s office knowing your voice is the most powerful instrument in your advocacy process.<\/p>\n<\/div>\n<\/div>\n<div class=\"row\" style=\"padding-bottom: 42px;\">\n<div class=\"col-md-6 col-xs-12 col-sm-12 col-lg-6\">\n<div class=\"\">\n<div class=\"row\" style=\"padding-bottom: 42px;\">\n<div class=\"col-md-2 col-sm-2 col-xs-12 col-lg-2\">\n<div>\n<p class=\"\" style=\"font-family: 'Lora'; font-weight: 400;\" data-font-family=\"Lora\" data-font-weight=\"400\" data-font-style=\"\"><span style=\"color: #1a2e3f;\"><i class=\"fa bg-inserted-icon fa-handshake-o\" style=\"font-size: 36px;\" aria-hidden=\"true\"> <span style=\"display: none;\">&nbsp;<\/span> <\/i><\/span><\/p>\n<\/div>\n<\/div>\n<div class=\"col-md-10 col-sm-10 col-xs-12 col-lg-10\">\n<div>\n<h4 class=\"\" style=\"margin-top: 0px; font-family: 'Lora'; font-weight: 600;\" data-font-family=\"Lora\" data-font-weight=\"600\" data-font-style=\"\">Who Do You Need to Speak With?<\/h4>\n<p class=\"\" style=\"font-family: 'Open Sans'; font-weight: 400; box-shadow: #cecece 0px 1px 2px 0px;\" data-font-family=\"Open Sans\" data-font-weight=\"400\" data-font-style=\"\">Tu ubicaci\u00f3n es clave. Descubrir <strong>\u00bfQui\u00e9n representa a tu comunidad?<\/strong> para que est\u00e9 proporcionando informaci\u00f3n relevante a la persona correcta. Si se presenta un proyecto de ley que le preocupa, \u00a1abogue ante todos los representantes que pueda!<\/p>\n<\/div>\n<\/div>\n<\/div>\n<div class=\"row\" style=\"padding-bottom: 42px;\">\n<div class=\"col-md-2 col-sm-2 col-xs-12 col-lg-2\">\n<div>\n<p class=\"\"><span style=\"color: #1a2e3f;\"><i class=\"fa bg-inserted-icon fa-bullhorn\" style=\"font-size: 36px;\" aria-hidden=\"true\"> <span style=\"display: none;\">&nbsp;<\/span> <\/i><\/span><\/p>\n<\/div>\n<\/div>\n<div class=\"col-md-10 col-sm-10 col-xs-12 col-lg-10\">\n<div>\n<h4 class=\"\" style=\"margin-top: 0px; font-family: 'Lora'; font-weight: 600;\" data-font-family=\"Lora\" data-font-weight=\"600\" data-font-style=\"\"><strong>Conoce su postura pol\u00edtica<\/strong><\/h4>\n<p class=\"\" style=\"font-family: 'Open Sans'; font-weight: 400;\" data-font-family=\"Open Sans\" data-font-weight=\"400\" data-font-style=\"\">Independientemente de los desacuerdos que pueda tener con los funcionarios, su objetivo es apelar ante ellos para que consideren su solicitud. Su objetivo no es hacerles cambiar de opini\u00f3n sobre su postura pol\u00edtica, sino m\u00e1s bien <strong>influencia<\/strong> <strong>sus decisiones<\/strong> respecto a su inquietud.<\/p>\n<\/div>\n<\/div>\n<\/div>\n<div class=\"row\" style=\"padding-bottom: 42px;\">\n<div class=\"col-md-2 col-sm-2 col-xs-12 col-lg-2\">\n<div>\n<p class=\"\"><span style=\"color: #1a2e3f;\"><i class=\"fa bg-inserted-icon fa-calendar\" style=\"font-size: 36px;\" aria-hidden=\"true\"> <span style=\"display: none;\">&nbsp;<\/span> <\/i><\/span><\/p>\n<\/div>\n<\/div>\n<div class=\"col-md-10 col-sm-10 col-xs-12 col-lg-10\">\n<div>\n<h4 class=\"\" style=\"margin-top: 0px; font-family: 'Lora'; font-weight: 600;\" data-font-family=\"Lora\" data-font-weight=\"600\" data-font-style=\"\">Planificaci\u00f3n<\/h4>\n<p class=\"\" style=\"font-family: 'Open Sans'; font-weight: 400;\" data-font-family=\"Open Sans\" data-font-weight=\"400\" data-font-style=\"\">The Capitol Building has specific days set aside for \u201cadvocacy days\u201d. Search their calendar to find the next available dates. If there is not a day that works, you can call their office and an assistant will set up a time for you to meet.<\/p>\n<\/div>\n<\/div>\n<\/div>\n<\/div>\n<\/div>\n<div class=\"col-md-6 col-xs-12 col-sm-12 col-lg-6\">\n<p class=\"\"><img loading=\"lazy\" decoding=\"async\" class=\"color3-border-color bg-img aligncenter wp-image-2490\" style=\"border: 1px solid; border-radius: 15px;\" src=\"https:\/\/ofsn.org\/wp-content\/uploads\/2024\/10\/oregon-state-capitol.jpg\" alt=\"\" width=\"493\" height=\"493\" srcset=\"https:\/\/ofsn.org\/wp-content\/uploads\/2024\/10\/oregon-state-capitol.jpg 600w, https:\/\/ofsn.org\/wp-content\/uploads\/2024\/10\/oregon-state-capitol-300x300.jpg 300w, https:\/\/ofsn.org\/wp-content\/uploads\/2024\/10\/oregon-state-capitol-150x150.jpg 150w, https:\/\/ofsn.org\/wp-content\/uploads\/2024\/10\/oregon-state-capitol-12x12.jpg 12w, https:\/\/ofsn.org\/wp-content\/uploads\/2024\/10\/oregon-state-capitol-48x48.jpg 48w, https:\/\/ofsn.org\/wp-content\/uploads\/2024\/10\/oregon-state-capitol-250x250.jpg 250w, https:\/\/ofsn.org\/wp-content\/uploads\/2024\/10\/oregon-state-capitol-550x550.jpg 550w, https:\/\/ofsn.org\/wp-content\/uploads\/2024\/10\/oregon-state-capitol-180x180.jpg 180w, https:\/\/ofsn.org\/wp-content\/uploads\/2024\/10\/oregon-state-capitol-500x500.jpg 500w, https:\/\/ofsn.org\/wp-content\/uploads\/2024\/10\/oregon-state-capitol-465x465.jpg 465w\" sizes=\"auto, (max-width: 493px) 100vw, 493px\" \/><\/p>\n<div class=\"row\" style=\"margin-top: -60px;\">\n<div class=\"col-md-2 col-sm-1 col-xs-12 col-lg-2\"><\/div>\n<div class=\"col-md-9 col-xs-12 col-sm-7 col-lg-9\">\n<div style=\"padding: 2em; border-radius: 15px; background-color: #1a2e3f;\" class=\"bg-box\">\n<p class=\"\"><span style=\"color: #ffffff;\"><em>&#8220;I used to feel so lost in my child&#8217;s disorder and I didn&#8217;t have options. Now I feel empowered to speak up and advocate for my child as well as others because of the support and involvement with OFSN&#8221;<\/em><\/span><\/p>\n<\/div>\n<\/div>\n<div class=\"col-md-1 col-sm-4 col-xs-12 col-lg-1\"><\/div>\n<\/div>\n<\/div>\n<\/div>\n<\/div>\n<\/div>","protected":false},"excerpt":{"rendered":"<p>REFERRAL FORM Advocacy &nbsp; DONATE NOW &nbsp; &nbsp; Share Your Voice Advocating for children&#8217;s mental health awareness is crucial because early mental health challenges, if left unaddressed, can significantly impact a child&#8217;s development, relationships, and future well-being. Raising awareness around children&#8217;s mental health issues helps to reduce stigma, making it<span class=\"more-link\"><a href=\"https:\/\/ofsn.org\/es\/advocacy\/\">Sigue leyendo<\/a><\/span><\/p>","protected":false},"author":1,"featured_media":0,"parent":0,"menu_order":0,"comment_status":"closed","ping_status":"closed","template":"template\/page\/fullwidth.php","meta":{"bgseo_title":"","bgseo_description":"","bgseo_robots_index":"index","bgseo_robots_follow":"follow","_uf_show_specific_survey":0,"_uf_disable_surveys":false,"footnotes":""},"class_list":["entry","author-dev_3nd40j","post-2448","page","type-page","status-publish"],"aioseo_notices":[],"_links":{"self":[{"href":"https:\/\/ofsn.org\/es\/wp-json\/wp\/v2\/pages\/2448","targetHints":{"allow":["GET"]}}],"collection":[{"href":"https:\/\/ofsn.org\/es\/wp-json\/wp\/v2\/pages"}],"about":[{"href":"https:\/\/ofsn.org\/es\/wp-json\/wp\/v2\/types\/page"}],"author":[{"embeddable":true,"href":"https:\/\/ofsn.org\/es\/wp-json\/wp\/v2\/users\/1"}],"replies":[{"embeddable":true,"href":"https:\/\/ofsn.org\/es\/wp-json\/wp\/v2\/comments?post=2448"}],"version-history":[{"count":3,"href":"https:\/\/ofsn.org\/es\/wp-json\/wp\/v2\/pages\/2448\/revisions"}],"predecessor-version":[{"id":2713,"href":"https:\/\/ofsn.org\/es\/wp-json\/wp\/v2\/pages\/2448\/revisions\/2713"}],"wp:attachment":[{"href":"https:\/\/ofsn.org\/es\/wp-json\/wp\/v2\/media?parent=2448"}],"curies":[{"name":"wp","href":"https:\/\/api.w.org\/{rel}","templated":true}]}}