{"id":61,"date":"2020-03-28T12:39:28","date_gmt":"2020-03-28T19:39:28","guid":{"rendered":"https:\/\/ofsn.org\/?page_id=61"},"modified":"2020-08-05T16:52:48","modified_gmt":"2020-08-05T23:52:48","slug":"training-calendar-register-here","status":"publish","type":"page","link":"https:\/\/ofsn.org\/es\/training-overview\/training-calendar-register-here\/","title":{"rendered":"Reg\u00edstrese para recibir capacitaci\u00f3n"},"content":{"rendered":"<div class=\"boldgrid-section\">\n<div class=\"container\">\n<div class=\"row\">\n<div class=\"col-md-12 col-xs-12 col-sm-12\">\n<h2 class=\"\"><span style=\"color: #6c75ae;\">Sesiones de capacitaci\u00f3n ofrecidas por la OFSN<\/span><\/h2>\n<\/div>\n<\/div>\n<\/div>\n<\/div>\n<div class=\"boldgrid-section\">\n<div class=\"container\">\n<div class=\"row\">\n<div class=\"col-md-12 col-xs-12 col-sm-12\">\n<p class=\"\">Para registrarse para una capacitaci\u00f3n OFSN, haga clic en los enlaces a continuaci\u00f3n. Para descripciones de cursos de capacitaci\u00f3n <a href=\"https:\/\/ofsn.org\/es\/training-build-your-skills\/free-low-cost-training\/\">haga clic aqu\u00ed<\/a>.<\/p>\n<figure><iframe loading=\"lazy\" style=\"border-width: 0;\" src=\"https:\/\/calendar.google.com\/calendar\/embed?showDate=0&amp;showTabs=1&amp;showTz=0&amp;mode=AGENDA&amp;height=600&amp;wkst=1&amp;bgcolor=%23ffffff&amp;src=trainingatofsn%40gmail.com&amp;color=%2329527A&amp;ctz=America%2FLos_Angeles\" width=\"100%\" height=\"600\" frameborder=\"0\" scrolling=\"no\"><\/iframe><\/figure>\n<\/div>\n<\/div>\n<\/div>\n<\/div>","protected":false},"excerpt":{"rendered":"<p>Sesiones de capacitaci\u00f3n ofrecidas por la OFSN Para registrarse para una capacitaci\u00f3n de la OFSN, haga clic en los enlaces a continuaci\u00f3n. Para obtener descripciones de los cursos de capacitaci\u00f3n, haga clic aqu\u00ed.<span class=\"more-link\"><a href=\"https:\/\/ofsn.org\/es\/training-overview\/training-calendar-register-here\/\">Sigue leyendo<\/a><\/span><\/p>","protected":false},"author":1,"featured_media":0,"parent":121,"menu_order":0,"comment_status":"closed","ping_status":"closed","template":"","meta":{"bgseo_title":"","bgseo_description":"","bgseo_robots_index":"index","bgseo_robots_follow":"follow","_uf_show_specific_survey":0,"_uf_disable_surveys":false,"footnotes":""},"class_list":["entry","author-dev_3nd40j","post-61","page","type-page","status-publish"],"aioseo_notices":[],"_links":{"self":[{"href":"https:\/\/ofsn.org\/es\/wp-json\/wp\/v2\/pages\/61","targetHints":{"allow":["GET"]}}],"collection":[{"href":"https:\/\/ofsn.org\/es\/wp-json\/wp\/v2\/pages"}],"about":[{"href":"https:\/\/ofsn.org\/es\/wp-json\/wp\/v2\/types\/page"}],"author":[{"embeddable":true,"href":"https:\/\/ofsn.org\/es\/wp-json\/wp\/v2\/users\/1"}],"replies":[{"embeddable":true,"href":"https:\/\/ofsn.org\/es\/wp-json\/wp\/v2\/comments?post=61"}],"version-history":[{"count":9,"href":"https:\/\/ofsn.org\/es\/wp-json\/wp\/v2\/pages\/61\/revisions"}],"predecessor-version":[{"id":1117,"href":"https:\/\/ofsn.org\/es\/wp-json\/wp\/v2\/pages\/61\/revisions\/1117"}],"up":[{"embeddable":true,"href":"https:\/\/ofsn.org\/es\/wp-json\/wp\/v2\/pages\/121"}],"wp:attachment":[{"href":"https:\/\/ofsn.org\/es\/wp-json\/wp\/v2\/media?parent=61"}],"curies":[{"name":"wp","href":"https:\/\/api.w.org\/{rel}","templated":true}]}}